{"id":841,"date":"2017-01-31T21:40:11","date_gmt":"2017-01-31T20:40:11","guid":{"rendered":"http:\/\/rmc-audio.home.pl\/RMC-biega\/?page_id=841"},"modified":"2025-01-15T14:28:49","modified_gmt":"2025-01-15T13:28:49","slug":"odzywianie","status":"publish","type":"page","link":"https:\/\/rmc-biega.pl\/?page_id=841","title":{"rendered":"OD\u017bYWIANIE, R\u00f3\u017cno\u015bci"},"content":{"rendered":"<p><a href=\"http:\/\/rmc-biega.pl\/wp-content\/uploads\/2017\/01\/Button_odzywianie.jpg\"><img loading=\"lazy\" decoding=\"async\" class=\"aligncenter size-full wp-image-834\" src=\"http:\/\/rmc-biega.pl\/wp-content\/uploads\/2017\/01\/Button_odzywianie.jpg\" alt=\"\" width=\"800\" height=\"147\" srcset=\"https:\/\/rmc-biega.pl\/wp-content\/uploads\/2017\/01\/Button_odzywianie.jpg 800w, https:\/\/rmc-biega.pl\/wp-content\/uploads\/2017\/01\/Button_odzywianie-300x55.jpg 300w, https:\/\/rmc-biega.pl\/wp-content\/uploads\/2017\/01\/Button_odzywianie-768x141.jpg 768w\" sizes=\"auto, (max-width: 800px) 100vw, 800px\" \/><\/a><\/p>\n<p style=\"text-align: center;\"><a href=\"https:\/\/rmc-biega.pl\/?p=3012\" target=\"_blank\" rel=\"noopener\">\u017bele energetyczne &#8211; DrWitt<\/a><\/p>\n<p style=\"text-align: center;\"><a href=\"https:\/\/rmc-biega.pl\/?p=1985\" target=\"_blank\" rel=\"noopener noreferrer\">Ksi\u0105\u017cka &#8211; Praca Zbiorowa &#8222;Masa\u017c &#8211; podr\u0119cznik r\u00f3\u017cnych technik&#8221;<\/a><\/p>\n<p style=\"text-align: center;\"><a href=\"https:\/\/rmc-biega.pl\/?p=1413\" target=\"_blank\" rel=\"noopener noreferrer\">Ksi\u0105\u017cka &#8211; Marcin \u015awierc &#8222;Czas na Ultra&#8221;<\/a><\/p>\n<p style=\"text-align: center;\"><a href=\"http:\/\/rmc-biega.pl\/?p=1663\" target=\"_blank\" rel=\"noopener noreferrer\">Ksi\u0105\u017cka &#8211; Henryk Szost &#8222;Rekordzista&#8221;<\/a><\/p>\n<p style=\"text-align: center;\"><a href=\"http:\/\/rmc-biega.pl\/?p=581\" target=\"_blank\" rel=\"noopener noreferrer\">Run &amp; Bike (ACTIVLAB) &#8211; \u017cel i izotonik<\/a><\/p>\n","protected":false},"excerpt":{"rendered":"<p>\u017bele energetyczne &#8211; DrWitt Ksi\u0105\u017cka &#8211; Praca Zbiorowa &#8222;Masa\u017c &#8211; podr\u0119cznik r\u00f3\u017cnych technik&#8221; Ksi\u0105\u017cka &#8211; Marcin \u015awierc &#8222;Czas na Ultra&#8221; Ksi\u0105\u017cka &#8211; Henryk Szost &#8222;Rekordzista&#8221; Run &amp; Bike (ACTIVLAB) &#8211; \u017cel i izotonik<\/p>\n","protected":false},"author":1,"featured_media":0,"parent":8,"menu_order":3,"comment_status":"closed","ping_status":"closed","template":"","meta":{"_monsterinsights_skip_tracking":false,"_monsterinsights_sitenote_active":false,"_monsterinsights_sitenote_note":"","_monsterinsights_sitenote_category":0,"footnotes":""},"class_list":["post-841","page","type-page","status-publish","hentry"],"_links":{"self":[{"href":"https:\/\/rmc-biega.pl\/index.php?rest_route=\/wp\/v2\/pages\/841","targetHints":{"allow":["GET"]}}],"collection":[{"href":"https:\/\/rmc-biega.pl\/index.php?rest_route=\/wp\/v2\/pages"}],"about":[{"href":"https:\/\/rmc-biega.pl\/index.php?rest_route=\/wp\/v2\/types\/page"}],"author":[{"embeddable":true,"href":"https:\/\/rmc-biega.pl\/index.php?rest_route=\/wp\/v2\/users\/1"}],"replies":[{"embeddable":true,"href":"https:\/\/rmc-biega.pl\/index.php?rest_route=%2Fwp%2Fv2%2Fcomments&post=841"}],"version-history":[{"count":8,"href":"https:\/\/rmc-biega.pl\/index.php?rest_route=\/wp\/v2\/pages\/841\/revisions"}],"predecessor-version":[{"id":3017,"href":"https:\/\/rmc-biega.pl\/index.php?rest_route=\/wp\/v2\/pages\/841\/revisions\/3017"}],"up":[{"embeddable":true,"href":"https:\/\/rmc-biega.pl\/index.php?rest_route=\/wp\/v2\/pages\/8"}],"wp:attachment":[{"href":"https:\/\/rmc-biega.pl\/index.php?rest_route=%2Fwp%2Fv2%2Fmedia&parent=841"}],"curies":[{"name":"wp","href":"https:\/\/api.w.org\/{rel}","templated":true}]}}