{"id":837,"date":"2017-01-31T21:39:02","date_gmt":"2017-01-31T20:39:02","guid":{"rendered":"http:\/\/rmc-audio.home.pl\/RMC-biega\/?page_id=837"},"modified":"2026-02-08T19:48:35","modified_gmt":"2026-02-08T18:48:35","slug":"ciuchy-akcesoria","status":"publish","type":"page","link":"https:\/\/rmc-biega.pl\/?page_id=837","title":{"rendered":"CIUCHY, AKCESORIA"},"content":{"rendered":"<p><a href=\"http:\/\/rmc-biega.pl\/wp-content\/uploads\/2017\/01\/Button_ciuchy.jpg\"><img loading=\"lazy\" decoding=\"async\" class=\"aligncenter size-full wp-image-833\" src=\"http:\/\/rmc-biega.pl\/wp-content\/uploads\/2017\/01\/Button_ciuchy.jpg\" alt=\"\" width=\"800\" height=\"146\" srcset=\"https:\/\/rmc-biega.pl\/wp-content\/uploads\/2017\/01\/Button_ciuchy.jpg 800w, https:\/\/rmc-biega.pl\/wp-content\/uploads\/2017\/01\/Button_ciuchy-300x55.jpg 300w, https:\/\/rmc-biega.pl\/wp-content\/uploads\/2017\/01\/Button_ciuchy-768x140.jpg 768w\" sizes=\"auto, (max-width: 800px) 100vw, 800px\" \/><\/a><\/p>\n<p style=\"text-align: center;\"><a href=\"https:\/\/rmc-biega.pl\/?p=3227\" target=\"_blank\" rel=\"noopener\">Akumulatorowe (USB) podgrzewane r\u0119kawice na zim\u0119<\/a><\/p>\n<p style=\"text-align: center;\"><a href=\"https:\/\/rmc-biega.pl\/?p=3159\" target=\"_blank\" rel=\"noopener\">Ride+Go uchwyt rowerowy na telefon<\/a><\/p>\n<p style=\"text-align: center;\"><a href=\"https:\/\/rmc-biega.pl\/?p=3148\" target=\"_blank\" rel=\"noopener\">Pas na numer startowy &#8211; Kiprun<\/a><\/p>\n<p style=\"text-align: center;\"><a href=\"https:\/\/rmc-biega.pl\/?p=3102\" target=\"_blank\" rel=\"noopener\">Siod\u0142o rowerowe Walfort &#8211; pianka z pami\u0119ci\u0105 kszta\u0142tu<\/a><\/p>\n<p style=\"text-align: center;\"><a href=\"https:\/\/rmc-biega.pl\/?p=3027\" target=\"_blank\" rel=\"noopener\">Legginsy Kiprun Run 500 Warm<\/a><\/p>\n<p style=\"text-align: center;\"><a href=\"https:\/\/rmc-biega.pl\/?p=2959\" target=\"_blank\" rel=\"noopener\">Poncho, peleryna przeciwdeszczowa &#8211; Action<\/a><\/p>\n<p style=\"text-align: center;\"><a href=\"https:\/\/rmc-biega.pl\/?p=2922\" target=\"_blank\" rel=\"noopener\">Baga\u017cnik rowerowy na sztyc\u0119 &#8211; Korbi<\/a><\/p>\n<p style=\"text-align: center;\"><a href=\"https:\/\/rmc-biega.pl\/?p=2868\" target=\"_blank\" rel=\"noopener\">Nathan TrailMix Plus Hydration belt &#8211; pas nawadniaj\u0105cy<\/a><\/p>\n<p style=\"text-align: center;\"><a href=\"https:\/\/rmc-biega.pl\/?p=2854\" target=\"_blank\" rel=\"noopener\">Zestaw do czyszczenia \u0142a\u0144cucha rowerowego &#8211; Bikemate<\/a><\/p>\n<p style=\"text-align: center;\"><a href=\"https:\/\/rmc-biega.pl\/?p=2838\" target=\"_blank\" rel=\"noopener\">SKS Shockblade 27.5&#8243;+ 29&#8243;<\/a><\/p>\n<p style=\"text-align: center;\"><a href=\"https:\/\/rmc-biega.pl\/?p=2771\" target=\"_blank\" rel=\"noopener\">SKS Dashblade 26-27.5&#8243; tylni b\u0142otnik rowerowy<\/a><\/p>\n<p style=\"text-align: center;\"><a href=\"https:\/\/rmc-biega.pl\/?p=2624\" target=\"_blank\" rel=\"noopener\">Kamizelka biegowa z Aldi<\/a><\/p>\n<p style=\"text-align: center;\"><a href=\"https:\/\/rmc-biega.pl\/?p=2549\" target=\"_blank\" rel=\"noopener\">Stojak rowerowy na ram\u0119<\/a><\/p>\n<p style=\"text-align: center;\"><a href=\"https:\/\/rmc-biega.pl\/?p=2505\" target=\"_blank\" rel=\"noopener\">Kurtka rowerowa, dwustronna (Lidl 2023)<\/a><\/p>\n<p style=\"text-align: center;\"><a href=\"https:\/\/rmc-biega.pl\/?p=2440\" target=\"_blank\" rel=\"noopener\">Baga\u017cnik rowerowy na hak &#8211; THULE EuroClassic 913<\/a><\/p>\n<p style=\"text-align: center;\"><a href=\"https:\/\/rmc-biega.pl\/?p=2400\" target=\"_blank\" rel=\"noopener\">Baga\u017cnik rowerowy tylni (aluminium na ko\u0142a 20-29&#8243;)<\/a><\/p>\n<p style=\"text-align: center;\"><a href=\"https:\/\/rmc-biega.pl\/?p=2384\" target=\"_blank\" rel=\"noopener\">Poncho przeciwdeszczowe Oxylane 520 Decathlon<\/a><\/p>\n<p style=\"text-align: center;\"><a href=\"https:\/\/rmc-biega.pl\/?p=2190\" target=\"_blank\" rel=\"noopener\">Pi\u0142ki do masa\u017cu z wypustkami &#8211; Spokey Senso<\/a><\/p>\n<p style=\"text-align: center;\"><a href=\"https:\/\/rmc-biega.pl\/?p=2186\" target=\"_blank\" rel=\"noopener\">Kije do nordic-walking Spokey Prato \/ Neatness<\/a><\/p>\n<p style=\"text-align: center;\"><a href=\"https:\/\/rmc-biega.pl\/?p=2117\" target=\"_blank\" rel=\"noopener noreferrer\">Benguo X-81 Uchyt rowerowy do kom\u00f3rki<\/a><\/p>\n<p style=\"text-align: center;\"><a href=\"https:\/\/rmc-biega.pl\/?p=2044\" target=\"_blank\" rel=\"noopener noreferrer\">Brubeck BodyGuard &#8211; Merino Wool Hat (czapka)<\/a><\/p>\n<p style=\"text-align: center;\"><a href=\"https:\/\/rmc-biega.pl\/?p=1828\" target=\"_blank\" rel=\"noopener noreferrer\">Mata do akupresury &#8211; Rea Acupressure Mat<\/a><\/p>\n<p style=\"text-align: center;\"><a href=\"https:\/\/rmc-biega.pl\/?p=1771\" target=\"_blank\" rel=\"noopener noreferrer\">Czapka z daszkiem Buff Pro Run Cap R<\/a><\/p>\n<p style=\"text-align: center;\"><a href=\"https:\/\/rmc-biega.pl\/?p=1762\" target=\"_blank\" rel=\"noopener noreferrer\">Plecak Dynafit &#8211; Vertical (Vert) 4<\/a><\/p>\n<p style=\"text-align: center;\"><a href=\"http:\/\/rmc-biega.pl\/?p=1745\" target=\"_blank\" rel=\"noopener noreferrer\">Kije trekkingowe &#8211; Viking Kettera<\/a><\/p>\n<p style=\"text-align: center;\"><a href=\"http:\/\/rmc-biega.pl\/?p=1590\" target=\"_blank\" rel=\"noopener noreferrer\">Detergent do prania &#8211; Laundrette Sports Outdoor<\/a><\/p>\n<p style=\"text-align: center;\"><a href=\"http:\/\/rmc-biega.pl\/?p=1573\" target=\"_blank\" rel=\"noopener noreferrer\">Kubek sk\u0142adny &#8211; Sea to Summit XCup 250ml<\/a><\/p>\n<p style=\"text-align: center;\"><a href=\"http:\/\/rmc-biega.pl\/?p=1525\" target=\"_blank\" rel=\"noopener noreferrer\">Bandana termoaktywna &#8211; Hornhill B2<\/a><\/p>\n<p style=\"text-align: center;\"><a href=\"http:\/\/rmc-biega.pl\/?p=1400\">Salming 365 Pro Training &#8211; kurtka sportowa<\/a><\/p>\n<p style=\"text-align: center;\"><a href=\"http:\/\/rmc-biega.pl\/?p=1204\" target=\"_blank\" rel=\"noopener noreferrer\">Sportowe r\u0119kawiczki zimowe &#8211; Aldi<\/a><\/p>\n<p style=\"text-align: center;\"><a href=\"http:\/\/rmc-biega.pl\/?p=1091\" target=\"_blank\" rel=\"noopener noreferrer\">Skarpetki biegowe Active Touch<\/a><\/p>\n<p style=\"text-align: center;\"><a href=\"http:\/\/rmc-biega.pl\/?p=907\" target=\"_blank\" rel=\"noopener noreferrer\">AONIJIE backpack E884 &#8211; mini plecak<\/a><\/p>\n<p style=\"text-align: center;\"><a href=\"http:\/\/rmc-biega.pl\/?p=884\" target=\"_blank\" rel=\"noopener noreferrer\">Soft flask AONIJIE 250ml<\/a><\/p>\n<p style=\"text-align: center;\"><a href=\"http:\/\/rmc-biega.pl\/?p=621\" target=\"_blank\" rel=\"noopener noreferrer\">Szorty Kalenji Elioplay\/Ekiden &#8211; kr\u00f3tki opis<\/a><\/p>\n<p style=\"text-align: center;\"><a href=\"http:\/\/rmc-biega.pl\/?p=504\" target=\"_blank\" rel=\"noopener noreferrer\">Skarpetki Nessi RSN &#8211; kr\u00f3tki opis<\/a><\/p>\n<p style=\"text-align: center;\"><a href=\"http:\/\/rmc-biega.pl\/?p=499\" target=\"_blank\" rel=\"noopener noreferrer\">Skin Compression (Lidl) Power Boost Capri Trousers &#8211; kr\u00f3tki opis<\/a><\/p>\n<p style=\"text-align: center;\"><a href=\"http:\/\/rmc-biega.pl\/?p=455\" target=\"_blank\" rel=\"noopener noreferrer\">Czapka Termoaktywna Colored\/Blue Net (Nessi)<\/a><\/p>\n<p style=\"text-align: center;\"><a href=\"http:\/\/rmc-biega.pl\/?p=438\" target=\"_blank\" rel=\"noopener noreferrer\">Plecak biegowy Quechua MT 5 i MT 10<\/a><\/p>\n<p style=\"text-align: center;\"><a href=\"http:\/\/rmc-biega.pl\/?p=410\" target=\"_blank\" rel=\"noopener noreferrer\">Viking Bandana fleece outside 1881 (kr\u00f3tki opis)<\/a><\/p>\n<p style=\"text-align: center;\"><a href=\"http:\/\/rmc-biega.pl\/?p=401\" target=\"_blank\" rel=\"noopener noreferrer\">Spodnie termoaktywne do biegania Shamp (Aldi)<\/a><\/p>\n<p style=\"text-align: center;\"><a href=\"http:\/\/rmc-biega.pl\/?p=380\" target=\"_blank\" rel=\"noopener noreferrer\">Buff, chusta, bandana, szal, komin&#8230; &#8211; czyli ciuch przydatny dla biegacza<\/a><\/p>\n<p style=\"text-align: center;\"><a href=\"http:\/\/rmc-biega.pl\/?p=348\" target=\"_blank\" rel=\"noopener noreferrer\">DUNLOP &#8211; czapka biegowa i pas &#8211; kr\u00f3tki opis<\/a><\/p>\n<p style=\"text-align: center;\"><a href=\"http:\/\/rmc-biega.pl\/?p=308\" target=\"_blank\" rel=\"noopener noreferrer\">Decathlon &#8211; Czapka z daszkiem RUN + bokserki m\u0119skie do biegania Kalenji<\/a><\/p>\n<p style=\"text-align: center;\"><a href=\"http:\/\/rmc-biega.pl\/?p=211\" target=\"_blank\" rel=\"noopener noreferrer\">CRIVIT Drinking Bottle (Bidon R\u0119czny)<\/a><\/p>\n<p style=\"text-align: center;\"><a href=\"http:\/\/rmc-biega.pl\/?p=129\" target=\"_blank\" rel=\"noopener noreferrer\">Kurtka do biegania SHAMP (wiatr\u00f3wka)<\/a><\/p>\n<p style=\"text-align: center;\"><a href=\"http:\/\/rmc-biega.pl\/?p=46\" target=\"_blank\" rel=\"noopener noreferrer\">Crivit Skin Compression (Skarpetki do biegania)<\/a><\/p>\n","protected":false},"excerpt":{"rendered":"<p>Akumulatorowe (USB) podgrzewane r\u0119kawice na zim\u0119 Ride+Go uchwyt rowerowy na telefon Pas na numer startowy &#8211; Kiprun Siod\u0142o rowerowe Walfort &#8211; pianka z pami\u0119ci\u0105 kszta\u0142tu Legginsy Kiprun Run 500 Warm Poncho, peleryna przeciwdeszczowa &#8211; Action Baga\u017cnik rowerowy na sztyc\u0119 &#8211; Korbi Nathan TrailMix Plus Hydration belt &#8211; pas nawadniaj\u0105cy Zestaw do czyszczenia \u0142a\u0144cucha rowerowego &#8211; &hellip; <a href=\"https:\/\/rmc-biega.pl\/?page_id=837\" class=\"more-link\">Czytaj dalej <span class=\"screen-reader-text\">CIUCHY, AKCESORIA<\/span> <span class=\"meta-nav\">&rarr;<\/span><\/a><\/p>\n","protected":false},"author":1,"featured_media":0,"parent":8,"menu_order":1,"comment_status":"closed","ping_status":"closed","template":"","meta":{"_monsterinsights_skip_tracking":false,"_monsterinsights_sitenote_active":false,"_monsterinsights_sitenote_note":"","_monsterinsights_sitenote_category":0,"footnotes":""},"class_list":["post-837","page","type-page","status-publish","hentry"],"_links":{"self":[{"href":"https:\/\/rmc-biega.pl\/index.php?rest_route=\/wp\/v2\/pages\/837","targetHints":{"allow":["GET"]}}],"collection":[{"href":"https:\/\/rmc-biega.pl\/index.php?rest_route=\/wp\/v2\/pages"}],"about":[{"href":"https:\/\/rmc-biega.pl\/index.php?rest_route=\/wp\/v2\/types\/page"}],"author":[{"embeddable":true,"href":"https:\/\/rmc-biega.pl\/index.php?rest_route=\/wp\/v2\/users\/1"}],"replies":[{"embeddable":true,"href":"https:\/\/rmc-biega.pl\/index.php?rest_route=%2Fwp%2Fv2%2Fcomments&post=837"}],"version-history":[{"count":40,"href":"https:\/\/rmc-biega.pl\/index.php?rest_route=\/wp\/v2\/pages\/837\/revisions"}],"predecessor-version":[{"id":3235,"href":"https:\/\/rmc-biega.pl\/index.php?rest_route=\/wp\/v2\/pages\/837\/revisions\/3235"}],"up":[{"embeddable":true,"href":"https:\/\/rmc-biega.pl\/index.php?rest_route=\/wp\/v2\/pages\/8"}],"wp:attachment":[{"href":"https:\/\/rmc-biega.pl\/index.php?rest_route=%2Fwp%2Fv2%2Fmedia&parent=837"}],"curies":[{"name":"wp","href":"https:\/\/api.w.org\/{rel}","templated":true}]}}