{"id":835,"date":"2017-01-31T21:38:41","date_gmt":"2017-01-31T20:38:41","guid":{"rendered":"http:\/\/rmc-audio.home.pl\/RMC-biega\/?page_id=835"},"modified":"2025-01-16T22:25:39","modified_gmt":"2025-01-16T21:25:39","slug":"elektronika","status":"publish","type":"page","link":"https:\/\/rmc-biega.pl\/?page_id=835","title":{"rendered":"ELEKTRONIKA"},"content":{"rendered":"<p style=\"text-align: center;\"><a href=\"https:\/\/rmc-biega.pl\/?p=3020\" target=\"_blank\" rel=\"noopener\">Smartwatch Garett GRS PRO &#8211; GPS, export do Stravy<\/a><\/p>\n<p style=\"text-align: center;\"><a href=\"https:\/\/rmc-biega.pl\/?p=2759\" target=\"_blank\" rel=\"noopener\">Lampka LED do biegania na klatk\u0119 piersiow\u0105 ALDI<\/a><\/p>\n<p style=\"text-align: center;\"><a href=\"https:\/\/rmc-biega.pl\/?p=2681\" target=\"_blank\" rel=\"noopener\">Suunto Vertical Titanium Solar<\/a><\/p>\n<p style=\"text-align: center;\"><a href=\"https:\/\/rmc-biega.pl\/?p=2567\" target=\"_blank\" rel=\"noopener\">Hykker pistolet do masa\u017cu<\/a><\/p>\n<p style=\"text-align: center;\"><a href=\"https:\/\/rmc-biega.pl\/?p=2212\" target=\"_blank\" rel=\"noopener\">Chi\u0144skie paski do Garmin Fenix 6<\/a><\/p>\n<p style=\"text-align: center;\"><a href=\"https:\/\/rmc-biega.pl\/?p=2031\" target=\"_blank\" rel=\"noopener noreferrer\">Smart waga &#8211; Hoffen SE-0992<\/a><\/p>\n<p style=\"text-align: center;\"><a href=\"https:\/\/rmc-biega.pl\/?p=1999\" target=\"_blank\" rel=\"noopener noreferrer\">Wyciskarka wolnoobrotowa Hoffen SJ-0528<\/a><\/p>\n<p style=\"text-align: center;\"><a href=\"https:\/\/rmc-biega.pl\/?p=1906\" target=\"_blank\" rel=\"noopener noreferrer\">Samsung Galaxy Watch 46 mm<\/a><\/p>\n<p style=\"text-align: center;\"><a href=\"http:\/\/rmc-biega.pl\/?p=1670\" target=\"_blank\" rel=\"noopener noreferrer\">Xiaomi Amazfit Stratos 3 &#8211; cz\u0119\u015b\u0107 5<\/a><\/p>\n<p style=\"text-align: center;\"><a href=\"http:\/\/rmc-biega.pl\/?p=1645\" target=\"_blank\" rel=\"noopener noreferrer\">Xiaomi Amazfit Stratos 3 &#8211; cz\u0119\u015b\u0107 4<\/a><\/p>\n<p style=\"text-align: center;\"><a href=\"http:\/\/rmc-biega.pl\/?p=1633\" target=\"_blank\" rel=\"noopener noreferrer\">Rechargeable LED Headlamp 609-2<\/a><\/p>\n<p style=\"text-align: center;\"><a href=\"http:\/\/rmc-biega.pl\/?p=1623\" target=\"_blank\" rel=\"noopener noreferrer\">Xiaomi Amazfit Stratos 3 &#8211; cz\u0119\u015b\u0107 3<\/a><\/p>\n<p style=\"text-align: center;\"><a href=\"http:\/\/rmc-biega.pl\/?p=1617\" target=\"_blank\" rel=\"noopener noreferrer\">Xiaomi Amazfit Stratos 3 &#8211; cz\u0119\u015b\u0107 2<\/a><\/p>\n<p style=\"text-align: center;\"><a href=\"http:\/\/rmc-biega.pl\/?p=1609\" target=\"_blank\" rel=\"noopener noreferrer\">Xiaomi Amazfit Stratos 3 &#8211; cz\u0119\u015b\u0107 1<\/a><\/p>\n<p style=\"text-align: center;\"><a href=\"http:\/\/rmc-biega.pl\/?p=1493\" target=\"_blank\" rel=\"noopener noreferrer\">Zeblaze Thor 4 pro &#8211; po miesi\u0105cu u\u017cywania<\/a><\/p>\n<p style=\"text-align: center;\"><a href=\"http:\/\/rmc-biega.pl\/?p=1445\" target=\"_blank\" rel=\"noopener noreferrer\">Zeblaze Thor 4 Pro<\/a><\/p>\n<p style=\"text-align: center;\"><a href=\"http:\/\/rmc-biega.pl\/?p=1417\" target=\"_blank\" rel=\"noopener noreferrer\">Kodak HL03 Headlamp &#8211; kr\u00f3tki opis<\/a><\/p>\n<p style=\"text-align: center;\"><a href=\"http:\/\/rmc-biega.pl\/?p=1386\" target=\"_blank\" rel=\"noopener noreferrer\">Huawei Watch GT &#8211; podsumowanie<\/a><\/p>\n<p style=\"text-align: center;\"><a href=\"http:\/\/rmc-biega.pl\/?p=1354\">Huawei Watch GT &#8211; ci\u0105g dalszy testu<\/a><\/p>\n<p style=\"text-align: center;\"><a href=\"http:\/\/rmc-biega.pl\/?p=1337\" target=\"_blank\" rel=\"noopener noreferrer\">Huawei Watch GT<\/a><\/p>\n<p style=\"text-align: center;\"><a href=\"http:\/\/rmc-biega.pl\/?p=1171&amp;preview=true\" target=\"_blank\" rel=\"noopener noreferrer\">Seven for 7 &#8211; Opaska na buty z diodami LED<\/a><\/p>\n<p style=\"text-align: center;\"><a href=\"http:\/\/rmc-biega.pl\/?p=1114\" target=\"_blank\" rel=\"noopener noreferrer\">Makibes G05 &#8211; GPS Watch Sport<\/a><\/p>\n<p style=\"text-align: center;\"><a href=\"http:\/\/rmc-biega.pl\/?p=946\" target=\"_blank\" rel=\"noopener noreferrer\">Wymiana paska w zegarku Suunto Ambit 1 (2-3)<\/a><\/p>\n<p style=\"text-align: center;\"><a href=\"http:\/\/rmc-biega.pl\/?p=755\" target=\"_blank\" rel=\"noopener noreferrer\">Ta\u0144sze czo\u0142\u00f3wki &#8211; kr\u00f3tkie por\u00f3wnanie<\/a><\/p>\n<p style=\"text-align: center;\"><a href=\"http:\/\/rmc-biega.pl\/?p=545\" target=\"_blank\" rel=\"noopener noreferrer\">SmartyFit Hykker (opaska inteligentna)<\/a><\/p>\n<p style=\"text-align: center;\"><a href=\"http:\/\/rmc-biega.pl\/?p=414\" target=\"_blank\" rel=\"noopener noreferrer\">Latarka czo\u0142owa LED LENSER H5 (kr\u00f3tki opis)<\/a><\/p>\n<p style=\"text-align: center;\"><a href=\"http:\/\/rmc-biega.pl\/?p=389\" target=\"_blank\" rel=\"noopener noreferrer\">A-Rival SpoQ SQ100 (kr\u00f3tki opis)<\/a><\/p>\n<p style=\"text-align: center;\"><a href=\"http:\/\/rmc-biega.pl\/?p=143\" target=\"_blank\" rel=\"noopener noreferrer\">Garmin Forerunner 10 (kr\u00f3tki opis)<\/a><\/p>\n<p style=\"text-align: center;\"><a href=\"http:\/\/rmc-biega.pl\/?p=134\" target=\"_blank\" rel=\"noopener noreferrer\">Geonaute OnMove 500 (kr\u00f3tki opis)<\/a><\/p>\n","protected":false},"excerpt":{"rendered":"<p>Smartwatch Garett GRS PRO &#8211; GPS, export do Stravy Lampka LED do biegania na klatk\u0119 piersiow\u0105 ALDI Suunto Vertical Titanium Solar Hykker pistolet do masa\u017cu Chi\u0144skie paski do Garmin Fenix 6 Smart waga &#8211; Hoffen SE-0992 Wyciskarka wolnoobrotowa Hoffen SJ-0528 Samsung Galaxy Watch 46 mm Xiaomi Amazfit Stratos 3 &#8211; cz\u0119\u015b\u0107 5 Xiaomi Amazfit Stratos &hellip; <a href=\"https:\/\/rmc-biega.pl\/?page_id=835\" class=\"more-link\">Czytaj dalej <span class=\"screen-reader-text\">ELEKTRONIKA<\/span> <span class=\"meta-nav\">&rarr;<\/span><\/a><\/p>\n","protected":false},"author":1,"featured_media":0,"parent":8,"menu_order":2,"comment_status":"closed","ping_status":"closed","template":"","meta":{"_monsterinsights_skip_tracking":false,"_monsterinsights_sitenote_active":false,"_monsterinsights_sitenote_note":"","_monsterinsights_sitenote_category":0,"footnotes":""},"class_list":["post-835","page","type-page","status-publish","hentry"],"_links":{"self":[{"href":"https:\/\/rmc-biega.pl\/index.php?rest_route=\/wp\/v2\/pages\/835","targetHints":{"allow":["GET"]}}],"collection":[{"href":"https:\/\/rmc-biega.pl\/index.php?rest_route=\/wp\/v2\/pages"}],"about":[{"href":"https:\/\/rmc-biega.pl\/index.php?rest_route=\/wp\/v2\/types\/page"}],"author":[{"embeddable":true,"href":"https:\/\/rmc-biega.pl\/index.php?rest_route=\/wp\/v2\/users\/1"}],"replies":[{"embeddable":true,"href":"https:\/\/rmc-biega.pl\/index.php?rest_route=%2Fwp%2Fv2%2Fcomments&post=835"}],"version-history":[{"count":39,"href":"https:\/\/rmc-biega.pl\/index.php?rest_route=\/wp\/v2\/pages\/835\/revisions"}],"predecessor-version":[{"id":3025,"href":"https:\/\/rmc-biega.pl\/index.php?rest_route=\/wp\/v2\/pages\/835\/revisions\/3025"}],"up":[{"embeddable":true,"href":"https:\/\/rmc-biega.pl\/index.php?rest_route=\/wp\/v2\/pages\/8"}],"wp:attachment":[{"href":"https:\/\/rmc-biega.pl\/index.php?rest_route=%2Fwp%2Fv2%2Fmedia&parent=835"}],"curies":[{"name":"wp","href":"https:\/\/api.w.org\/{rel}","templated":true}]}}