{"id":817,"date":"2017-01-12T23:49:31","date_gmt":"2017-01-12T22:49:31","guid":{"rendered":"http:\/\/rmc-audio.home.pl\/RMC-biega\/?page_id=817"},"modified":"2017-01-12T23:54:33","modified_gmt":"2017-01-12T22:54:33","slug":"wspolpraca","status":"publish","type":"page","link":"https:\/\/rmc-biega.pl\/?page_id=817","title":{"rendered":"Wsp\u00f3\u0142praca"},"content":{"rendered":"<p style=\"text-align: justify;\"><strong>Zapraszam Osoby\/Firmy zwi\u0105zane ze sprz\u0119tem, sportem, od\u017cywianiem (i wszystkim co \u0142\u0105czy si\u0119\u00a0z moim ulubionym bieganiem) do wsp\u00f3\u0142pracy.<\/strong><\/p>\n<p style=\"text-align: justify;\">Poniewa\u017c wszystkich nowo\u015bci z biegowego \u015bwiatka kupi\u0107 si\u0119 nie da, sprz\u0119t zmienia si\u0119 szybko (a to co \u015bwie\u017ce pewnie ciekawi przysz\u0142ych klient\u00f3w) wi\u0119c je\u015bli kto\u015b chce\u00a0za pomoc\u0105 mojego bloga poinformowa\u0107 szersz\u0105 publiczno\u015b\u0107 o tym czym dysponuje &#8211; zapraszam (namiary na mnie w zak\u0142adce kontakt).<\/p>\n<p style=\"text-align: justify;\"><strong>Gwarantuj\u0119 solidne i uczciwe podej\u015bcie do test\u00f3w.<\/strong><\/p>\n","protected":false},"excerpt":{"rendered":"<p>Zapraszam Osoby\/Firmy zwi\u0105zane ze sprz\u0119tem, sportem, od\u017cywianiem (i wszystkim co \u0142\u0105czy si\u0119\u00a0z moim ulubionym bieganiem) do wsp\u00f3\u0142pracy. Poniewa\u017c wszystkich nowo\u015bci z biegowego \u015bwiatka kupi\u0107 si\u0119 nie da, sprz\u0119t zmienia si\u0119 szybko (a to co \u015bwie\u017ce pewnie ciekawi przysz\u0142ych klient\u00f3w) wi\u0119c je\u015bli kto\u015b chce\u00a0za pomoc\u0105 mojego bloga poinformowa\u0107 szersz\u0105 publiczno\u015b\u0107 o tym czym dysponuje &#8211; zapraszam &hellip; <a href=\"https:\/\/rmc-biega.pl\/?page_id=817\" class=\"more-link\">Czytaj dalej <span class=\"screen-reader-text\">Wsp\u00f3\u0142praca<\/span> <span class=\"meta-nav\">&rarr;<\/span><\/a><\/p>\n","protected":false},"author":1,"featured_media":0,"parent":0,"menu_order":4,"comment_status":"open","ping_status":"open","template":"","meta":{"_monsterinsights_skip_tracking":false,"_monsterinsights_sitenote_active":false,"_monsterinsights_sitenote_note":"","_monsterinsights_sitenote_category":0,"footnotes":""},"class_list":["post-817","page","type-page","status-publish","hentry"],"_links":{"self":[{"href":"https:\/\/rmc-biega.pl\/index.php?rest_route=\/wp\/v2\/pages\/817","targetHints":{"allow":["GET"]}}],"collection":[{"href":"https:\/\/rmc-biega.pl\/index.php?rest_route=\/wp\/v2\/pages"}],"about":[{"href":"https:\/\/rmc-biega.pl\/index.php?rest_route=\/wp\/v2\/types\/page"}],"author":[{"embeddable":true,"href":"https:\/\/rmc-biega.pl\/index.php?rest_route=\/wp\/v2\/users\/1"}],"replies":[{"embeddable":true,"href":"https:\/\/rmc-biega.pl\/index.php?rest_route=%2Fwp%2Fv2%2Fcomments&post=817"}],"version-history":[{"count":2,"href":"https:\/\/rmc-biega.pl\/index.php?rest_route=\/wp\/v2\/pages\/817\/revisions"}],"predecessor-version":[{"id":819,"href":"https:\/\/rmc-biega.pl\/index.php?rest_route=\/wp\/v2\/pages\/817\/revisions\/819"}],"wp:attachment":[{"href":"https:\/\/rmc-biega.pl\/index.php?rest_route=%2Fwp%2Fv2%2Fmedia&parent=817"}],"curies":[{"name":"wp","href":"https:\/\/api.w.org\/{rel}","templated":true}]}}