{"id":6,"date":"2015-04-02T00:17:14","date_gmt":"2015-04-01T22:17:14","guid":{"rendered":"http:\/\/rmc-audio.home.pl\/RMC-biega\/?page_id=6"},"modified":"2017-01-12T23:32:13","modified_gmt":"2017-01-12T22:32:13","slug":"zawody","status":"publish","type":"page","link":"https:\/\/rmc-biega.pl\/?page_id=6","title":{"rendered":"Rekordy"},"content":{"rendered":"<p>Licz\u0119, \u017ce to jeszcze nie koniec moich mo\u017cliwo\u015bci ale na obecn\u0105 chwil\u0119 tak wygl\u0105daj\u0105 moje najlepsze biegi:<\/p>\n<p><strong>12 minutowy test Coopera &#8211; 2,87 km<\/strong><\/p>\n<p><strong>5 km &#8211; 23:15 (12\/11\/2016 City Trail Wroc\u0142aw)<\/strong><\/p>\n<p><strong>10 km &#8211; 47:33 (18\/09\/2016 XXII Mi\u0119dzynarodowy Bieg Uliczny &#8211; Twardog\u00f3ra)<\/strong><\/p>\n<p><strong>P\u00f3\u0142maraton &#8211; 1:51:22 (21\/08\/2016 XVII Toyota P\u00f3\u0142maraton Wa\u0142brzych)<\/strong><\/p>\n<p><strong>Maraton: 4:09:02 (24\/04\/2016 Orlen Warsaw Marathon)<\/strong><\/p>\n","protected":false},"excerpt":{"rendered":"<p>Licz\u0119, \u017ce to jeszcze nie koniec moich mo\u017cliwo\u015bci ale na obecn\u0105 chwil\u0119 tak wygl\u0105daj\u0105 moje najlepsze biegi: 12 minutowy test Coopera &#8211; 2,87 km 5 km &#8211; 23:15 (12\/11\/2016 City Trail Wroc\u0142aw) 10 km &#8211; 47:33 (18\/09\/2016 XXII Mi\u0119dzynarodowy Bieg Uliczny &#8211; Twardog\u00f3ra) P\u00f3\u0142maraton &#8211; 1:51:22 (21\/08\/2016 XVII Toyota P\u00f3\u0142maraton Wa\u0142brzych) Maraton: 4:09:02 (24\/04\/2016 Orlen &hellip; <a href=\"https:\/\/rmc-biega.pl\/?page_id=6\" class=\"more-link\">Czytaj dalej <span class=\"screen-reader-text\">Rekordy<\/span> <span class=\"meta-nav\">&rarr;<\/span><\/a><\/p>\n","protected":false},"author":1,"featured_media":0,"parent":0,"menu_order":2,"comment_status":"open","ping_status":"open","template":"","meta":{"_monsterinsights_skip_tracking":false,"_monsterinsights_sitenote_active":false,"_monsterinsights_sitenote_note":"","_monsterinsights_sitenote_category":0,"footnotes":""},"class_list":["post-6","page","type-page","status-publish","hentry"],"_links":{"self":[{"href":"https:\/\/rmc-biega.pl\/index.php?rest_route=\/wp\/v2\/pages\/6","targetHints":{"allow":["GET"]}}],"collection":[{"href":"https:\/\/rmc-biega.pl\/index.php?rest_route=\/wp\/v2\/pages"}],"about":[{"href":"https:\/\/rmc-biega.pl\/index.php?rest_route=\/wp\/v2\/types\/page"}],"author":[{"embeddable":true,"href":"https:\/\/rmc-biega.pl\/index.php?rest_route=\/wp\/v2\/users\/1"}],"replies":[{"embeddable":true,"href":"https:\/\/rmc-biega.pl\/index.php?rest_route=%2Fwp%2Fv2%2Fcomments&post=6"}],"version-history":[{"count":9,"href":"https:\/\/rmc-biega.pl\/index.php?rest_route=\/wp\/v2\/pages\/6\/revisions"}],"predecessor-version":[{"id":814,"href":"https:\/\/rmc-biega.pl\/index.php?rest_route=\/wp\/v2\/pages\/6\/revisions\/814"}],"wp:attachment":[{"href":"https:\/\/rmc-biega.pl\/index.php?rest_route=%2Fwp%2Fv2%2Fmedia&parent=6"}],"curies":[{"name":"wp","href":"https:\/\/api.w.org\/{rel}","templated":true}]}}