{"id":12,"date":"2015-04-02T00:17:53","date_gmt":"2015-04-01T22:17:53","guid":{"rendered":"http:\/\/rmc-audio.home.pl\/RMC-biega\/?page_id=12"},"modified":"2019-01-30T23:39:31","modified_gmt":"2019-01-30T22:39:31","slug":"kontakt","status":"publish","type":"page","link":"https:\/\/rmc-biega.pl\/?page_id=12","title":{"rendered":"Kontakt"},"content":{"rendered":"<p>W razie pyta\u0144, propozycji wsp\u00f3\u0142pracy i wszystkich innych wa\u017cnych spraw zapraszam do wysy\u0142ania e-maili na adres:<\/p>\n<p><strong>rafal@pstryk-pstryk.com<\/strong><\/p>\n","protected":false},"excerpt":{"rendered":"<p>W razie pyta\u0144, propozycji wsp\u00f3\u0142pracy i wszystkich innych wa\u017cnych spraw zapraszam do wysy\u0142ania e-maili na adres: rafal@pstryk-pstryk.com<\/p>\n","protected":false},"author":1,"featured_media":0,"parent":0,"menu_order":5,"comment_status":"open","ping_status":"open","template":"","meta":{"_monsterinsights_skip_tracking":false,"_monsterinsights_sitenote_active":false,"_monsterinsights_sitenote_note":"","_monsterinsights_sitenote_category":0,"footnotes":""},"class_list":["post-12","page","type-page","status-publish","hentry"],"_links":{"self":[{"href":"https:\/\/rmc-biega.pl\/index.php?rest_route=\/wp\/v2\/pages\/12","targetHints":{"allow":["GET"]}}],"collection":[{"href":"https:\/\/rmc-biega.pl\/index.php?rest_route=\/wp\/v2\/pages"}],"about":[{"href":"https:\/\/rmc-biega.pl\/index.php?rest_route=\/wp\/v2\/types\/page"}],"author":[{"embeddable":true,"href":"https:\/\/rmc-biega.pl\/index.php?rest_route=\/wp\/v2\/users\/1"}],"replies":[{"embeddable":true,"href":"https:\/\/rmc-biega.pl\/index.php?rest_route=%2Fwp%2Fv2%2Fcomments&post=12"}],"version-history":[{"count":4,"href":"https:\/\/rmc-biega.pl\/index.php?rest_route=\/wp\/v2\/pages\/12\/revisions"}],"predecessor-version":[{"id":1399,"href":"https:\/\/rmc-biega.pl\/index.php?rest_route=\/wp\/v2\/pages\/12\/revisions\/1399"}],"wp:attachment":[{"href":"https:\/\/rmc-biega.pl\/index.php?rest_route=%2Fwp%2Fv2%2Fmedia&parent=12"}],"curies":[{"name":"wp","href":"https:\/\/api.w.org\/{rel}","templated":true}]}}